{"id":1094,"date":"2019-12-27T11:22:01","date_gmt":"2019-12-27T11:22:01","guid":{"rendered":"https:\/\/stell.ee\/?page_id=1094"},"modified":"2022-04-22T11:59:43","modified_gmt":"2022-04-22T08:59:43","slug":"contact","status":"publish","type":"page","link":"https:\/\/stell.ee\/en\/contact\/","title":{"rendered":"Contact"},"content":{"rendered":"\n\t\t\t\t<img loading=\"lazy\" decoding=\"async\" src=\"https:\/\/stell.ee\/wp-content\/uploads\/2019\/12\/pattern1.png\" alt=\"pattern1\" itemprop=\"image\" height=\"849\" width=\"1924\" title=\"pattern1\" onerror=\"this.style.display='none'\"  \/>\n\t<h1>\n\t\t\t\t\tContact\n\t\t\t\t<\/h1>\n\t<strong>Stell Eesti AS<\/strong><br \/>\nA.H. Tammsaare tee 47<br \/>\n11316 Tallinn\nPhone: <a href=\"tel:661 8000\">661 8000<\/a><br \/>\nE-mail: <a href=\"mailto:info@stell.ee\">info@stell.ee<\/a>\nReg. nr: 10031220<br \/>\nVAT number: EE100218734\n<a href=\"https:\/\/stell.ee\/en\/praise-the-stell-employee\/\">Praise Stell employees:<\/a><br \/>\n<a href=\"mailto:kiida@stell.ee\">kiida@stell.ee<\/a>\n<a href=\"https:\/\/stell.ee\/en\/about-us\/responsible-company\/\">Report delicate cases to:<\/a><br \/>\n<a href=\"mailto:usaldus@stell.ee\">usaldus@stell.ee<\/a>\n\t<h3>Our offices:<\/h3>\n<b>Tartu<\/b><br \/>\nS\u00f5bra 54<br \/>\n50106\u00a0Tartu<br \/>\nPhone: +372 731 4370\n<b>P\u00e4rnu<\/b><br \/>\nPapiniidu 5a\/1<br \/>\n80042 P\u00e4rnu<br \/>\nPhone: +372 445 5777\n<b>J\u00f5hvi<\/b><br \/>\nSompa 33<br \/>\n41533 J\u00f5hvi<br \/>\nPhone:\u00a0+372 337 2780\n<b>Saaremaa<\/b><br \/>\nTolli 27<br \/>\n93819 Kuressaare<br \/>\nPhone: +372 53 006 781\n<b>Viljandi<\/b><br \/>\nTallinna tn 41<br \/>\n71020 Viljandi<br \/>\nPhone: +372 661 8000\n<b>Haapsalu<\/b><br \/>\nPosti 41a<br \/>\n90507 Haapsalu<br \/>\nPhone: +372 473 4544\n\t\t\t\t<img loading=\"lazy\" decoding=\"async\" src=\"https:\/\/stell.ee\/wp-content\/uploads\/2019\/12\/dots.png\" alt=\"dots\" itemprop=\"image\" height=\"306\" width=\"450\" title=\"dots\" onerror=\"this.style.display='none'\"  \/>\n","protected":false},"excerpt":{"rendered":"<p>Contact Stell Eesti AS A.H. Tammsaare tee 47 11316 Tallinn Phone: 661 8000 E-mail: info@stell.ee Reg. nr: 10031220 VAT number: EE100218734 Praise Stell employees: kiida@stell.ee Report delicate cases to: usaldus@stell.ee Our offices: Tartu S\u00f5bra 54 50106\u00a0Tartu Phone: +372 731 4370 P\u00e4rnu Papiniidu 5a\/1 80042 P\u00e4rnu Phone: +372 445 5777 J\u00f5hvi Sompa 33 41533 J\u00f5hvi Phone:\u00a0+372 &hellip;<\/p>\n<p class=\"read-more\"> <a class=\"\" href=\"https:\/\/stell.ee\/en\/contact\/\"> <span class=\"screen-reader-text\">Contact<\/span> Read More &raquo;<\/a><\/p>\n","protected":false},"author":1,"featured_media":0,"parent":0,"menu_order":0,"comment_status":"closed","ping_status":"open","template":"","meta":{"_acf_changed":false,"site-sidebar-layout":"no-sidebar","site-content-layout":"page-builder","ast-global-header-display":"","ast-main-header-display":"","ast-hfb-above-header-display":"","ast-hfb-below-header-display":"","ast-hfb-mobile-header-display":"","site-post-title":"disabled","ast-breadcrumbs-content":"","ast-featured-img":"disabled","footer-sml-layout":"","theme-transparent-header-meta":"default","adv-header-id-meta":"","stick-header-meta":"","header-above-stick-meta":"","header-main-stick-meta":"","header-below-stick-meta":"","footnotes":""},"class_list":["post-1094","page","type-page","status-publish","hentry"],"acf":[],"aioseo_notices":[],"_links":{"self":[{"href":"https:\/\/stell.ee\/en\/wp-json\/wp\/v2\/pages\/1094","targetHints":{"allow":["GET"]}}],"collection":[{"href":"https:\/\/stell.ee\/en\/wp-json\/wp\/v2\/pages"}],"about":[{"href":"https:\/\/stell.ee\/en\/wp-json\/wp\/v2\/types\/page"}],"author":[{"embeddable":true,"href":"https:\/\/stell.ee\/en\/wp-json\/wp\/v2\/users\/1"}],"replies":[{"embeddable":true,"href":"https:\/\/stell.ee\/en\/wp-json\/wp\/v2\/comments?post=1094"}],"version-history":[{"count":38,"href":"https:\/\/stell.ee\/en\/wp-json\/wp\/v2\/pages\/1094\/revisions"}],"predecessor-version":[{"id":3252,"href":"https:\/\/stell.ee\/en\/wp-json\/wp\/v2\/pages\/1094\/revisions\/3252"}],"wp:attachment":[{"href":"https:\/\/stell.ee\/en\/wp-json\/wp\/v2\/media?parent=1094"}],"curies":[{"name":"wp","href":"https:\/\/api.w.org\/{rel}","templated":true}]}}