{"id":2694,"date":"2021-05-13T16:27:32","date_gmt":"2021-05-13T13:27:32","guid":{"rendered":"https:\/\/stell.ee\/?page_id=2694"},"modified":"2024-11-07T14:04:03","modified_gmt":"2024-11-07T12:04:03","slug":"management","status":"publish","type":"page","link":"https:\/\/stell.ee\/en\/management\/","title":{"rendered":"Management"},"content":{"rendered":"\n\t\t\t\t<img loading=\"lazy\" decoding=\"async\" src=\"https:\/\/stell.ee\/wp-content\/uploads\/2019\/12\/pattern1.png\" alt=\"pattern1\" itemprop=\"image\" height=\"849\" width=\"1924\" title=\"pattern1\" onerror=\"this.style.display='none'\"  \/>\n\t<div class=\"our-team-wrapper\"><div class=\"department-title-wrapper\"><h2 class=\"department-title\">Board of Directors<\/h2><\/div><div class=\"team-member\"><div class=\"team-image\"><img decoding=\"async\" src=\"https:\/\/stell.ee\/wp-content\/uploads\/2024\/10\/Mikk-Sillamaa-300x300.jpg\" alt=\"Mikk Sillamaa\"><\/div><div class=\"team-info\"><h5 class=\"team-name\">Mikk Sillamaa<\/h5><p class=\"team-occupation\">CEO\/Member of Management Board<\/p><p class=\"team-email\"><a href=\"mailto:mikk.sillamaa@stell.ee\">mikk.sillamaa@stell.ee<\/a><\/p><\/div><\/div><div class=\"team-member\"><div class=\"team-image\"><img decoding=\"async\" src=\"https:\/\/stell.ee\/wp-content\/uploads\/2024\/10\/Kaur-Ollek-1-300x300.jpg\" alt=\"Kaur \u00d5llek\"><\/div><div class=\"team-info\"><h5 class=\"team-name\">Kaur \u00d5llek<\/h5><p class=\"team-occupation\">CFO\/ Member of Management Board<\/p><p class=\"team-email\"><a href=\"mailto:kaur.ollek@stell.ee\">kaur.ollek@stell.ee<\/a><\/p><\/div><\/div><div class=\"team-member\"><div class=\"team-image\"><img decoding=\"async\" src=\"https:\/\/stell.ee\/wp-content\/uploads\/2024\/10\/Margus-Valling-1-300x300.jpg\" alt=\"Margus V\u00e4lling\"><\/div><div class=\"team-info\"><h5 class=\"team-name\">Margus V\u00e4lling<\/h5><p class=\"team-occupation\">Head of Sales &amp; Procurements \/ Member of Management Board<\/p><p class=\"team-email\"><a href=\"mailto:margus.valling@stell.ee\">margus.valling@stell.ee<\/a><\/p><\/div><\/div><div class=\"team-member\"><div class=\"team-image\"><img decoding=\"async\" src=\"https:\/\/stell.ee\/wp-content\/uploads\/2024\/10\/Jaanika-Tonnisson-300x300.jpg\" alt=\"Jaanika T\u00f5nnisson\"><\/div><div class=\"team-info\"><h5 class=\"team-name\">Jaanika T\u00f5nnisson<\/h5><p class=\"team-occupation\">Quality Manager<\/p><p class=\"team-email\"><a href=\"mailto:jaanika.tonnisson@stell.ee\">jaanika.tonnisson@stell.ee<\/a><\/p><\/div><\/div><div class=\"department-title-wrapper\"><h2 class=\"department-title\">Regional and field managers<\/h2><\/div><div class=\"team-member\"><div class=\"team-image\"><img decoding=\"async\" src=\"https:\/\/stell.ee\/wp-content\/uploads\/2024\/10\/Mikk-Sillamaa-300x300.jpg\" alt=\"Mikk Sillamaa\"><\/div><div class=\"team-info\"><h5 class=\"team-name\">Mikk Sillamaa<\/h5><p class=\"team-occupation\">CEO\/Member of Management Board<\/p><p class=\"team-email\"><a href=\"mailto:mikk.sillamaa@stell.ee\">mikk.sillamaa@stell.ee<\/a><\/p><\/div><\/div><div class=\"team-member\"><div class=\"team-image\"><img decoding=\"async\" src=\"https:\/\/stell.ee\/wp-content\/uploads\/2024\/10\/Valentin-Korkus-1-300x298.jpg\" alt=\"Valentin Korkus\"><\/div><div class=\"team-info\"><h5 class=\"team-name\">Valentin Korkus<\/h5><p class=\"team-occupation\">Head of Eastern Region<\/p><p class=\"team-email\"><a href=\"mailto:valentin.korkus@stell.ee\">valentin.korkus@stell.ee<\/a><\/p><\/div><\/div><div class=\"team-member\"><div class=\"team-image\"><img decoding=\"async\" src=\"https:\/\/stell.ee\/wp-content\/uploads\/2024\/10\/Kardo-Laev-1-300x296.jpg\" alt=\"Kardo Laev\"><\/div><div class=\"team-info\"><h5 class=\"team-name\">Kardo Laev<\/h5><p class=\"team-occupation\">Head of Western Region<\/p><p class=\"team-email\"><a href=\"mailto:kardo.laev@stell.ee\">kardo.laev@stell.ee<\/a><\/p><\/div><\/div><div class=\"team-member\"><div class=\"team-image\"><img decoding=\"async\" src=\"https:\/\/stell.ee\/wp-content\/uploads\/2024\/10\/Tanel-Tiits-1-300x300.jpg\" alt=\"Tanel Tiits\"><\/div><div class=\"team-info\"><h5 class=\"team-name\">Tanel Tiits<\/h5><p class=\"team-occupation\">Head of Southern Region<\/p><p class=\"team-email\"><a href=\"mailto:tanel.tiits@stell.ee\">tanel.tiits@stell.ee<\/a><\/p><\/div><\/div><div class=\"team-member\"><div class=\"team-image\"><img decoding=\"async\" src=\"https:\/\/stell.ee\/wp-content\/uploads\/2024\/11\/Olev-Mihkelmaa_101-300x300.jpg\" alt=\"Vitali Kirejev\"><\/div><div class=\"team-info\"><h5 class=\"team-name\">Vitali Kirejev<\/h5><p class=\"team-occupation\">Technical Service Business Unit Manager<\/p><p class=\"team-email\"><a href=\"mailto:vitali.kirejev@stell.ee\">vitali.kirejev@stell.ee<\/a><\/p><\/div><\/div><div class=\"team-member\"><div class=\"team-image\"><img decoding=\"async\" src=\"https:\/\/stell.ee\/wp-content\/uploads\/2024\/11\/Olev-Mihkelmaa_019-300x300.jpg\" alt=\"Merike Stadnik\"><\/div><div class=\"team-info\"><h5 class=\"team-name\">Merike Stadnik<\/h5><p class=\"team-occupation\">Real Estate Management Business Unit Manager<\/p><p class=\"team-email\"><a href=\"mailto:merike.stadnik@stell.ee\">merike.stadnik@stell.ee<\/a><\/p><\/div><\/div><div class=\"team-member\"><div class=\"team-image\"><img decoding=\"async\" src=\"https:\/\/stell.ee\/wp-content\/uploads\/2024\/10\/Tiiu-Joeaar-300x300.jpg\" alt=\"Tiiu J\u00f5e\u00e4\u00e4r\"><\/div><div class=\"team-info\"><h5 class=\"team-name\">Tiiu J\u00f5e\u00e4\u00e4r<\/h5><p class=\"team-occupation\">Internal Cleaning Division Manager<\/p><p class=\"team-email\"><a href=\"mailto:tiiu.joeaar@stell.ee\">tiiu.joeaar@stell.ee<\/a><\/p><\/div><\/div><div class=\"department-title-wrapper\"><h2 class=\"department-title\">Support Unit Managers<\/h2><\/div><div class=\"team-member\"><div class=\"team-image\"><img decoding=\"async\" src=\"https:\/\/stell.ee\/wp-content\/uploads\/2024\/10\/Kaur-Ollek-1-300x300.jpg\" alt=\"Kaur \u00d5llek\"><\/div><div class=\"team-info\"><h5 class=\"team-name\">Kaur \u00d5llek<\/h5><p class=\"team-occupation\">CFO\/ Member of Management Board<\/p><p class=\"team-email\"><a href=\"mailto:kaur.ollek@stell.ee\">kaur.ollek@stell.ee<\/a><\/p><\/div><\/div><div class=\"team-member\"><div class=\"team-image\"><img decoding=\"async\" src=\"https:\/\/stell.ee\/wp-content\/uploads\/2024\/10\/Margus-Valling-1-300x300.jpg\" alt=\"Margus V\u00e4lling\"><\/div><div class=\"team-info\"><h5 class=\"team-name\">Margus V\u00e4lling<\/h5><p class=\"team-occupation\">Head of Sales &amp; Procurements \/ Member of Management Board<\/p><p class=\"team-email\"><a href=\"mailto:margus.valling@stell.ee\">margus.valling@stell.ee<\/a><\/p><\/div><\/div><div class=\"team-member\"><div class=\"team-image\"><img decoding=\"async\" src=\"https:\/\/stell.ee\/wp-content\/uploads\/2024\/10\/Jaanika-Tonnisson-300x300.jpg\" alt=\"Jaanika T\u00f5nnisson\"><\/div><div class=\"team-info\"><h5 class=\"team-name\">Jaanika T\u00f5nnisson<\/h5><p class=\"team-occupation\">Quality Manager<\/p><p class=\"team-email\"><a href=\"mailto:jaanika.tonnisson@stell.ee\">jaanika.tonnisson@stell.ee<\/a><\/p><\/div><\/div><div class=\"team-member\"><div class=\"team-image\"><img decoding=\"async\" src=\"https:\/\/stell.ee\/wp-content\/uploads\/2024\/10\/Marge-Litvinov-300x300.jpg\" alt=\"Marge Litvinov\"><\/div><div class=\"team-info\"><h5 class=\"team-name\">Marge Litvinov<\/h5><p class=\"team-occupation\">HR Manager<\/p><p class=\"team-email\"><a href=\"mailto:marge.litvinov@stell.ee\">marge.litvinov@stell.ee<\/a><\/p><\/div><\/div><div class=\"team-member\"><div class=\"team-image\"><img decoding=\"async\" src=\"https:\/\/stell.ee\/wp-content\/uploads\/2024\/10\/Kristiina-Kunder-300x300.jpg\" alt=\"Kristiina Kunder\"><\/div><div class=\"team-info\"><h5 class=\"team-name\">Kristiina Kunder<\/h5><p class=\"team-occupation\">Chief Accountant<\/p><p class=\"team-email\"><a href=\"mailto:kristiina.kunder@stell.ee\">kristiina.kunder@stell.ee<\/a><\/p><\/div><\/div><\/div>\n","protected":false},"excerpt":{"rendered":"","protected":false},"author":1,"featured_media":0,"parent":0,"menu_order":0,"comment_status":"closed","ping_status":"open","template":"","meta":{"_acf_changed":false,"site-sidebar-layout":"no-sidebar","site-content-layout":"page-builder","ast-global-header-display":"","ast-main-header-display":"","ast-hfb-above-header-display":"","ast-hfb-below-header-display":"","ast-hfb-mobile-header-display":"","site-post-title":"disabled","ast-breadcrumbs-content":"","ast-featured-img":"disabled","footer-sml-layout":"","theme-transparent-header-meta":"default","adv-header-id-meta":"","stick-header-meta":"","header-above-stick-meta":"","header-main-stick-meta":"","header-below-stick-meta":"","footnotes":""},"class_list":["post-2694","page","type-page","status-publish","hentry"],"acf":[],"aioseo_notices":[],"_links":{"self":[{"href":"https:\/\/stell.ee\/en\/wp-json\/wp\/v2\/pages\/2694","targetHints":{"allow":["GET"]}}],"collection":[{"href":"https:\/\/stell.ee\/en\/wp-json\/wp\/v2\/pages"}],"about":[{"href":"https:\/\/stell.ee\/en\/wp-json\/wp\/v2\/types\/page"}],"author":[{"embeddable":true,"href":"https:\/\/stell.ee\/en\/wp-json\/wp\/v2\/users\/1"}],"replies":[{"embeddable":true,"href":"https:\/\/stell.ee\/en\/wp-json\/wp\/v2\/comments?post=2694"}],"version-history":[{"count":8,"href":"https:\/\/stell.ee\/en\/wp-json\/wp\/v2\/pages\/2694\/revisions"}],"predecessor-version":[{"id":4538,"href":"https:\/\/stell.ee\/en\/wp-json\/wp\/v2\/pages\/2694\/revisions\/4538"}],"wp:attachment":[{"href":"https:\/\/stell.ee\/en\/wp-json\/wp\/v2\/media?parent=2694"}],"curies":[{"name":"wp","href":"https:\/\/api.w.org\/{rel}","templated":true}]}}