{"id":4220,"date":"2024-04-04T18:12:33","date_gmt":"2024-04-04T15:12:33","guid":{"rendered":"https:\/\/stell.ee\/?page_id=4220"},"modified":"2025-07-01T09:01:30","modified_gmt":"2025-07-01T06:01:30","slug":"technical-management-service-price-list","status":"publish","type":"page","link":"https:\/\/stell.ee\/en\/technical-management-service-price-list\/","title":{"rendered":"Technical management service price list"},"content":{"rendered":"\n\n\t\t\t\t<img loading=\"lazy\" decoding=\"async\" src=\"https:\/\/stell.ee\/wp-content\/uploads\/2019\/12\/pattern1.png\" alt=\"pattern1\" itemprop=\"image\" height=\"849\" width=\"1924\" title=\"pattern1\" onerror=\"this.style.display='none'\"  \/>\n<h1>\n\t\tTechnical management service price list\n\t<\/h1>\n\t<span id=\"tablepress-1-description\" class=\"tablepress-table-description tablepress-table-description-id-1\">Hinnakiri kehtib alates 01.06.2025<\/span>\n\n<table id=\"tablepress-1\" class=\"tablepress tablepress-id-1 hinnakirjatabel tbody-has-connected-cells\" aria-describedby=\"tablepress-1-description\">\n<tbody>\n<tr class=\"row-1\">\n\t<td rowspan=\"2\" class=\"column-1\">LEPINGULINE KLIENT<\/td><td colspan=\"2\" class=\"column-2\">T\u00f6\u00f6p\u00e4eviti <br \/>\n8:00 - 17:00<\/td><td colspan=\"2\" class=\"column-4\">T\u00f6\u00f6p\u00e4eviti 17:00 - 8:00 ning <br \/>\nL, P ja riiklikel p\u00fchadel<\/td>\n<\/tr>\n<tr class=\"row-2\">\n\t<td class=\"column-2\">V\u00e4ljakutse tasu. <br \/>\nHind \u20ac km-ta<\/td><td class=\"column-3\">T\u00f6\u00f6tunni tasu. <br \/>\nHind \u20ac km-ta<\/td><td class=\"column-4\">V\u00e4ljakutse tasu. <br \/>\nHind \u20ac km-ta<\/td><td class=\"column-5\">T\u00f6\u00f6tunni tasu. <br \/>\nHind \u20ac km-ta<\/td>\n<\/tr>\n<tr class=\"row-3\">\n\t<td class=\"column-1\">Meistrimehe t\u00f6\u00f6d (tarindid, uksed ja lukud, valgusallikate vahetus jms)<\/td><td class=\"column-2\">20,00<\/td><td class=\"column-3\">40,00<\/td><td class=\"column-4\">25,00<\/td><td class=\"column-5\">60,00<\/td>\n<\/tr>\n<tr class=\"row-4\">\n\t<td class=\"column-1\">Elektrit\u00f6\u00f6d<\/td><td class=\"column-2\">20,00<\/td><td class=\"column-3\">45,00<\/td><td class=\"column-4\">25,00<\/td><td class=\"column-5\">65,00<\/td>\n<\/tr>\n<tr class=\"row-5\">\n\t<td class=\"column-1\">Vee- ja kanalisatsioonit\u00f6\u00f6d<\/td><td class=\"column-2\">20,00<\/td><td class=\"column-3\">45,00<\/td><td class=\"column-4\">25,00<\/td><td class=\"column-5\">65,00<\/td>\n<\/tr>\n<tr class=\"row-6\">\n\t<td class=\"column-1\">K\u00fctte- ja ventilatsioonit\u00f6\u00f6d<\/td><td class=\"column-2\">20,00<\/td><td class=\"column-3\">45,00<\/td><td class=\"column-4\">25,00<\/td><td class=\"column-5\">65,00<\/td>\n<\/tr>\n<tr class=\"row-7\">\n\t<td class=\"column-1\">Jahutuss\u00fcsteemide t\u00f6\u00f6d<\/td><td class=\"column-2\">20,00<\/td><td class=\"column-3\">55,00<\/td><td class=\"column-4\">25,00<\/td><td class=\"column-5\">70,00<\/td>\n<\/tr>\n<tr class=\"row-8\">\n\t<td class=\"column-1\">Hooneautomaatikas\u00fcsteemide t\u00f6\u00f6d<\/td><td class=\"column-2\">20,00<\/td><td class=\"column-3\">70,00<\/td><td class=\"column-4\">25,00<\/td><td class=\"column-5\">80,00<\/td>\n<\/tr>\n<tr class=\"row-9\">\n\t<td class=\"column-1\">Avariit\u00f6\u00f6d (elektri-, k\u00fctte-, vee- ja kanalisatsoonit\u00f6\u00f6d)<\/td><td class=\"column-2\">20,00<\/td><td class=\"column-3\">50,00<\/td><td class=\"column-4\">25,00<\/td><td class=\"column-5\">65,00<\/td>\n<\/tr>\n<\/tbody>\n<\/table>\n<!-- #tablepress-1 from cache -->\n\tAlla 1 tunni kestvatele tellimust\u00f6\u00f6dele kehtib tasum\u00e4\u00e4r 1 tund.<br \/>\nT\u00f6\u00f6tunni tasule lisandub materjalide maksumus\n\t<span id=\"tablepress-2-description\" class=\"tablepress-table-description tablepress-table-description-id-2\">Hinnakiri kehtib alates 01.06.2025<\/span>\n\n<table id=\"tablepress-2\" class=\"tablepress tablepress-id-2 hinnakirjatabel tbody-has-connected-cells\" aria-describedby=\"tablepress-2-description\">\n<tbody>\n<tr class=\"row-1\">\n\t<td rowspan=\"2\" class=\"column-1\">MITTELEPINGULINE KLIENT<\/td><td colspan=\"2\" class=\"column-2\">T\u00f6\u00f6p\u00e4eviti <br \/>\n8:00 - 17:00<\/td><td colspan=\"2\" class=\"column-4\">T\u00f6\u00f6p\u00e4eviti 17:00 - 8:00 ning <br \/>\nL, P ja riiklikel p\u00fchadel<\/td>\n<\/tr>\n<tr class=\"row-2\">\n\t<td class=\"column-2\">V\u00e4ljakutse tasu. <br \/>\nHind \u20ac km-ta<\/td><td class=\"column-3\">T\u00f6\u00f6tunni tasu. <br \/>\nHind \u20ac km-ta<\/td><td class=\"column-4\">V\u00e4ljakutse tasu. <br \/>\nHind \u20ac km-ta<\/td><td class=\"column-5\">T\u00f6\u00f6tunni tasu. <br \/>\nHind \u20ac km-ta<\/td>\n<\/tr>\n<tr class=\"row-3\">\n\t<td class=\"column-1\">Meistrimehe t\u00f6\u00f6d (tarindid, uksed ja lukud, valgusallikate vahetus jms)<\/td><td class=\"column-2\">25,00<\/td><td class=\"column-3\">45,00<\/td><td class=\"column-4\">25,00<\/td><td class=\"column-5\">65,00<\/td>\n<\/tr>\n<tr class=\"row-4\">\n\t<td class=\"column-1\">Elektrit\u00f6\u00f6d<\/td><td class=\"column-2\">25,00<\/td><td class=\"column-3\">50,00<\/td><td class=\"column-4\">25,00<\/td><td class=\"column-5\">70,00<\/td>\n<\/tr>\n<tr class=\"row-5\">\n\t<td class=\"column-1\">Vee- ja kanalisatsioonit\u00f6\u00f6d<\/td><td class=\"column-2\">25,00<\/td><td class=\"column-3\">50,00<\/td><td class=\"column-4\">25,00<\/td><td class=\"column-5\">70,00<\/td>\n<\/tr>\n<tr class=\"row-6\">\n\t<td class=\"column-1\">K\u00fctte- ja ventilatsioonit\u00f6\u00f6d<\/td><td class=\"column-2\">25,00<\/td><td class=\"column-3\">50,00<\/td><td class=\"column-4\">25,00<\/td><td class=\"column-5\">70,00<\/td>\n<\/tr>\n<tr class=\"row-7\">\n\t<td class=\"column-1\">Jahutuss\u00fcsteemide t\u00f6\u00f6d<\/td><td class=\"column-2\">25,00<\/td><td class=\"column-3\">60,00<\/td><td class=\"column-4\">25,00<\/td><td class=\"column-5\">70,00<\/td>\n<\/tr>\n<tr class=\"row-8\">\n\t<td class=\"column-1\">Hooneautomaatikas\u00fcsteemide t\u00f6\u00f6d<\/td><td class=\"column-2\">25,00<\/td><td class=\"column-3\">75,00<\/td><td class=\"column-4\">25,00<\/td><td class=\"column-5\">90,00<\/td>\n<\/tr>\n<tr class=\"row-9\">\n\t<td class=\"column-1\">Avariit\u00f6\u00f6d (elektri-, k\u00fctte-, vee- ja kanalisatsoonit\u00f6\u00f6d)<\/td><td class=\"column-2\">25,00<\/td><td class=\"column-3\">55,00<\/td><td class=\"column-4\">25,00<\/td><td class=\"column-5\">70,00<\/td>\n<\/tr>\n<\/tbody>\n<\/table>\n<!-- #tablepress-2 from cache -->\n\tAlla 1 tunni kestvatele tellimust\u00f6\u00f6dele kehtib tasum\u00e4\u00e4r 1 tund.<br \/>\nT\u00f6\u00f6tunni tasule lisandub materjalide maksumus\n<h3>\n\t\tS\u00f5idutasu\n\t<\/h3>\n\tS\u00f5idutasu v\u00e4ljaspool Tallinna (alates linnapiirist)<br \/>\n&#8211; Tagasis\u00f5it sisaldub s\u00f5idutasu km hinnas\n\t\n<table id=\"tablepress-3\" class=\"tablepress tablepress-id-3 soidutasu tbody-has-connected-cells\">\n<tbody>\n<tr class=\"row-1\">\n\t<td colspan=\"3\" class=\"column-1\">S\u00f5idutasu 1 km<\/td>\n<\/tr>\n<tr class=\"row-2\">\n\t<td class=\"column-1\">km-ta<\/td><td class=\"column-2\">km<\/td><td class=\"column-3\">km-ga<\/td>\n<\/tr>\n<tr class=\"row-3\">\n\t<td class=\"column-1\">1,00 \u20ac<\/td><td class=\"column-2\">0,24 \u20ac<\/td><td class=\"column-3\">1,24 \u20ac<\/td>\n<\/tr>\n<\/tbody>\n<\/table>\n<!-- #tablepress-3 from cache -->\n\n","protected":false},"excerpt":{"rendered":"<p>Technical management service price list Alla 1 tunni kestvatele tellimust\u00f6\u00f6dele kehtib tasum\u00e4\u00e4r 1 tund. T\u00f6\u00f6tunni tasule lisandub materjalide maksumus Alla 1 tunni kestvatele tellimust\u00f6\u00f6dele kehtib tasum\u00e4\u00e4r 1 tund. T\u00f6\u00f6tunni tasule lisandub materjalide maksumus S\u00f5idutasu S\u00f5idutasu v\u00e4ljaspool Tallinna (alates linnapiirist) &#8211; Tagasis\u00f5it sisaldub s\u00f5idutasu km hinnas<\/p>\n","protected":false},"author":1,"featured_media":0,"parent":0,"menu_order":0,"comment_status":"closed","ping_status":"open","template":"","meta":{"_acf_changed":false,"site-sidebar-layout":"no-sidebar","site-content-layout":"page-builder","ast-global-header-display":"","ast-main-header-display":"","ast-hfb-above-header-display":"","ast-hfb-below-header-display":"","ast-hfb-mobile-header-display":"","site-post-title":"disabled","ast-breadcrumbs-content":"","ast-featured-img":"disabled","footer-sml-layout":"","theme-transparent-header-meta":"default","adv-header-id-meta":"","stick-header-meta":"","header-above-stick-meta":"","header-main-stick-meta":"","header-below-stick-meta":"","footnotes":""},"class_list":["post-4220","page","type-page","status-publish","hentry"],"acf":[],"aioseo_notices":[],"_links":{"self":[{"href":"https:\/\/stell.ee\/en\/wp-json\/wp\/v2\/pages\/4220","targetHints":{"allow":["GET"]}}],"collection":[{"href":"https:\/\/stell.ee\/en\/wp-json\/wp\/v2\/pages"}],"about":[{"href":"https:\/\/stell.ee\/en\/wp-json\/wp\/v2\/types\/page"}],"author":[{"embeddable":true,"href":"https:\/\/stell.ee\/en\/wp-json\/wp\/v2\/users\/1"}],"replies":[{"embeddable":true,"href":"https:\/\/stell.ee\/en\/wp-json\/wp\/v2\/comments?post=4220"}],"version-history":[{"count":3,"href":"https:\/\/stell.ee\/en\/wp-json\/wp\/v2\/pages\/4220\/revisions"}],"predecessor-version":[{"id":4963,"href":"https:\/\/stell.ee\/en\/wp-json\/wp\/v2\/pages\/4220\/revisions\/4963"}],"wp:attachment":[{"href":"https:\/\/stell.ee\/en\/wp-json\/wp\/v2\/media?parent=4220"}],"curies":[{"name":"wp","href":"https:\/\/api.w.org\/{rel}","templated":true}]}}