{"id":2695,"date":"2021-05-13T16:29:29","date_gmt":"2021-05-13T13:29:29","guid":{"rendered":"https:\/\/stell.ee\/?page_id=2695"},"modified":"2024-11-07T14:04:19","modified_gmt":"2024-11-07T12:04:19","slug":"%d1%80%d1%83%d0%ba%d0%be%d0%b2%d0%be%d0%b4%d0%b8%d1%82%d0%b5%d0%bb%d0%b8","status":"publish","type":"page","link":"https:\/\/stell.ee\/ru\/%d1%80%d1%83%d0%ba%d0%be%d0%b2%d0%be%d0%b4%d0%b8%d1%82%d0%b5%d0%bb%d0%b8\/","title":{"rendered":"\u0420\u0443\u043a\u043e\u0432\u043e\u0434\u0438\u0442\u0435\u043b\u0438"},"content":{"rendered":"\n\t\t\t\t<img loading=\"lazy\" decoding=\"async\" src=\"https:\/\/stell.ee\/wp-content\/uploads\/2019\/12\/pattern1.png\" alt=\"pattern1\" itemprop=\"image\" height=\"849\" width=\"1924\" title=\"pattern1\" onerror=\"this.style.display='none'\"  \/>\n\t<div class=\"our-team-wrapper\"><div class=\"department-title-wrapper\"><h2 class=\"department-title\">\u041f\u0440\u0430\u0432\u043b\u0435\u043d\u0438\u0435<\/h2><\/div><div class=\"team-member\"><div class=\"team-image\"><img decoding=\"async\" src=\"https:\/\/stell.ee\/wp-content\/uploads\/2024\/10\/Mikk-Sillamaa-300x300.jpg\" alt=\"Mikk Sillamaa\"><\/div><div class=\"team-info\"><h5 class=\"team-name\">Mikk Sillamaa<\/h5><p class=\"team-occupation\">\u0418\u0441\u043f\u043e\u043b\u043d\u0438\u0442\u0435\u043b\u044c\u043d\u044b\u0439 \u0434\u0438\u0440\u0435\u043a\u0442\u043e\u0440\/\u0447\u043b\u0435\u043d \u043f\u0440\u0430\u0432\u043b\u0435\u043d\u0438\u044f<\/p><p class=\"team-email\"><a href=\"mailto:mikk.sillamaa@stell.ee\">mikk.sillamaa@stell.ee<\/a><\/p><\/div><\/div><div class=\"team-member\"><div class=\"team-image\"><img decoding=\"async\" src=\"https:\/\/stell.ee\/wp-content\/uploads\/2024\/10\/Kaur-Ollek-1-300x300.jpg\" alt=\"Kaur \u00d5llek\"><\/div><div class=\"team-info\"><h5 class=\"team-name\">Kaur \u00d5llek<\/h5><p class=\"team-occupation\">\u0424\u0438\u043d\u0430\u043d\u0441\u043e\u0432\u044b\u0439 \u0434\u0438\u0440\u0435\u043a\u0442\u043e\u0440\/\u0447\u043b\u0435\u043d \u043f\u0440\u0430\u0432\u043b\u0435\u043d\u0438\u044f<\/p><p class=\"team-email\"><a href=\"mailto:kaur.ollek@stell.ee\">kaur.ollek@stell.ee<\/a><\/p><\/div><\/div><div class=\"team-member\"><div class=\"team-image\"><img decoding=\"async\" src=\"https:\/\/stell.ee\/wp-content\/uploads\/2024\/10\/Margus-Valling-1-300x300.jpg\" alt=\"Margus V\u00e4lling\"><\/div><div class=\"team-info\"><h5 class=\"team-name\">Margus V\u00e4lling<\/h5><p class=\"team-occupation\">\u0414\u0438\u0440\u0435\u043a\u0442\u043e\u0440 \u043f\u043e \u043f\u0440\u043e\u0434\u0430\u0436\u0430\u043c \u0438 \u0437\u0430\u043a\u0443\u043f\u043a\u0430\u043c\/\u0447\u043b\u0435\u043d \u043f\u0440\u0430\u0432\u043b\u0435\u043d\u0438\u044f<\/p><p class=\"team-email\"><a href=\"mailto:margus.valling@stell.ee\">margus.valling@stell.ee<\/a><\/p><\/div><\/div><div class=\"department-title-wrapper\"><h2 class=\"department-title\">\u0420\u0443\u043a\u043e\u0432\u043e\u0434\u0438\u0442\u0435\u043b\u0438 \u0440\u0435\u0433\u0438\u043e\u043d\u043e\u0432<\/h2><\/div><div class=\"team-member\"><div class=\"team-image\"><img decoding=\"async\" src=\"https:\/\/stell.ee\/wp-content\/uploads\/2024\/10\/Mikk-Sillamaa-300x300.jpg\" alt=\"Mikk Sillamaa\"><\/div><div class=\"team-info\"><h5 class=\"team-name\">Mikk Sillamaa<\/h5><p class=\"team-occupation\">\u0418\u0441\u043f\u043e\u043b\u043d\u0438\u0442\u0435\u043b\u044c\u043d\u044b\u0439 \u0434\u0438\u0440\u0435\u043a\u0442\u043e\u0440\/\u0447\u043b\u0435\u043d \u043f\u0440\u0430\u0432\u043b\u0435\u043d\u0438\u044f<\/p><p class=\"team-email\"><a href=\"mailto:mikk.sillamaa@stell.ee\">mikk.sillamaa@stell.ee<\/a><\/p><\/div><\/div><div class=\"team-member\"><div class=\"team-image\"><img decoding=\"async\" src=\"https:\/\/stell.ee\/wp-content\/uploads\/2024\/10\/Valentin-Korkus-1-300x298.jpg\" alt=\"Valentin Korkus\"><\/div><div class=\"team-info\"><h5 class=\"team-name\">Valentin Korkus<\/h5><p class=\"team-occupation\">\u0414\u0438\u0440\u0435\u043a\u0442\u043e\u0440 \u0412\u043e\u0441\u0442\u043e\u0447\u043d\u043e\u0433\u043e \u0440\u0435\u0433\u0438\u043e\u043d\u0430<\/p><p class=\"team-email\"><a href=\"mailto:valentin.korkus@stell.ee\">valentin.korkus@stell.ee<\/a><\/p><\/div><\/div><div class=\"team-member\"><div class=\"team-image\"><img decoding=\"async\" src=\"https:\/\/stell.ee\/wp-content\/uploads\/2024\/10\/Kardo-Laev-1-300x296.jpg\" alt=\"Kardo Laev\"><\/div><div class=\"team-info\"><h5 class=\"team-name\">Kardo Laev<\/h5><p class=\"team-occupation\">\u0414\u0438\u0440\u0435\u043a\u0442\u043e\u0440 \u0417\u0430\u043f\u0430\u0434\u043d\u043e\u0433\u043e \u0440\u0435\u0433\u0438\u043e\u043d\u0430<\/p><p class=\"team-email\"><a href=\"mailto:kardo.laev@stell.ee\">kardo.laev@stell.ee<\/a><\/p><\/div><\/div><div class=\"team-member\"><div class=\"team-image\"><img decoding=\"async\" src=\"https:\/\/stell.ee\/wp-content\/uploads\/2024\/10\/Tanel-Tiits-1-300x300.jpg\" alt=\"Tanel Tiits\"><\/div><div class=\"team-info\"><h5 class=\"team-name\">Tanel Tiits<\/h5><p class=\"team-occupation\">\u0414\u0438\u0440\u0435\u043a\u0442\u043e\u0440 \u044e\u0436\u043d\u043e\u0433\u043e \u0440\u0435\u0433\u0438\u043e\u043d\u0430<\/p><p class=\"team-email\"><a href=\"mailto:tanel.tiits@stell.ee\">tanel.tiits@stell.ee<\/a><\/p><\/div><\/div><div class=\"team-member\"><div class=\"team-image\"><img decoding=\"async\" src=\"https:\/\/stell.ee\/wp-content\/uploads\/2024\/11\/Olev-Mihkelmaa_101-300x300.jpg\" alt=\"Vitali Kirejev\"><\/div><div class=\"team-info\"><h5 class=\"team-name\">Vitali Kirejev<\/h5><p class=\"team-occupation\">\u041c\u0435\u043d\u0435\u0434\u0436\u0435\u0440 \u0431\u0438\u0437\u043d\u0435\u0441-\u0435\u0434\u0438\u043d\u0438\u0446\u044b \u0442\u0435\u0445\u043d\u0438\u0447\u0435\u0441\u043a\u043e\u0433\u043e \u043e\u0431\u0441\u043b\u0443\u0436\u0438\u0432\u0430\u043d\u0438\u044f<\/p><p class=\"team-email\"><a href=\"mailto:vitali.kirejev@stell.ee\">vitali.kirejev@stell.ee<\/a><\/p><\/div><\/div><div class=\"team-member\"><div class=\"team-image\"><img decoding=\"async\" src=\"https:\/\/stell.ee\/wp-content\/uploads\/2024\/11\/Olev-Mihkelmaa_019-300x300.jpg\" alt=\"Merike Stadnik\"><\/div><div class=\"team-info\"><h5 class=\"team-name\">Merike Stadnik<\/h5><p class=\"team-occupation\">\u041c\u0435\u043d\u0435\u0434\u0436\u0435\u0440 \u0431\u0438\u0437\u043d\u0435\u0441-\u0435\u0434\u0438\u043d\u0438\u0446\u044b \u0443\u043f\u0440\u0430\u0432\u043b\u0435\u043d\u0438\u044f \u043d\u0435\u0434\u0432\u0438\u0436\u0438\u043c\u043e\u0441\u0442\u044c\u044e<\/p><p class=\"team-email\"><a href=\"mailto:merike.stadnik@stell.ee\">merike.stadnik@stell.ee<\/a><\/p><\/div><\/div><div class=\"team-member\"><div class=\"team-image\"><img decoding=\"async\" src=\"https:\/\/stell.ee\/wp-content\/uploads\/2024\/10\/Tiiu-Joeaar-300x300.jpg\" alt=\"Tiiu J\u00f5e\u00e4\u00e4r\"><\/div><div class=\"team-info\"><h5 class=\"team-name\">Tiiu J\u00f5e\u00e4\u00e4r<\/h5><p class=\"team-occupation\">\u041d\u0430\u0447\u0430\u043b\u044c\u043d\u0438\u043a \u043e\u0442\u0434\u0435\u043b\u0430 \u0432\u043d\u0443\u0442\u0440\u0435\u043d\u043d\u0435\u0439 \u0443\u0431\u043e\u0440\u043a\u0438<\/p><p class=\"team-email\"><a href=\"mailto:tiiu.joeaar@stell.ee\">tiiu.joeaar@stell.ee<\/a><\/p><\/div><\/div><div class=\"department-title-wrapper\"><h2 class=\"department-title\">\u041c\u0435\u043d\u0435\u0434\u0436\u0435\u0440\u044b \u043f\u043e\u0434\u0440\u0430\u0437\u0434\u0435\u043b\u0435\u043d\u0438\u0439 \u043f\u043e\u0434\u0434\u0435\u0440\u0436\u043a\u0438<\/h2><\/div><div class=\"team-member\"><div class=\"team-image\"><img decoding=\"async\" src=\"https:\/\/stell.ee\/wp-content\/uploads\/2024\/10\/Kaur-Ollek-1-300x300.jpg\" alt=\"Kaur \u00d5llek\"><\/div><div class=\"team-info\"><h5 class=\"team-name\">Kaur \u00d5llek<\/h5><p class=\"team-occupation\">\u0424\u0438\u043d\u0430\u043d\u0441\u043e\u0432\u044b\u0439 \u0434\u0438\u0440\u0435\u043a\u0442\u043e\u0440\/\u0447\u043b\u0435\u043d \u043f\u0440\u0430\u0432\u043b\u0435\u043d\u0438\u044f<\/p><p class=\"team-email\"><a href=\"mailto:kaur.ollek@stell.ee\">kaur.ollek@stell.ee<\/a><\/p><\/div><\/div><div class=\"team-member\"><div class=\"team-image\"><img decoding=\"async\" src=\"https:\/\/stell.ee\/wp-content\/uploads\/2024\/10\/Margus-Valling-1-300x300.jpg\" alt=\"Margus V\u00e4lling\"><\/div><div class=\"team-info\"><h5 class=\"team-name\">Margus V\u00e4lling<\/h5><p class=\"team-occupation\">\u0414\u0438\u0440\u0435\u043a\u0442\u043e\u0440 \u043f\u043e \u043f\u0440\u043e\u0434\u0430\u0436\u0430\u043c \u0438 \u0437\u0430\u043a\u0443\u043f\u043a\u0430\u043c\/\u0447\u043b\u0435\u043d \u043f\u0440\u0430\u0432\u043b\u0435\u043d\u0438\u044f<\/p><p class=\"team-email\"><a href=\"mailto:margus.valling@stell.ee\">margus.valling@stell.ee<\/a><\/p><\/div><\/div><div class=\"team-member\"><div class=\"team-image\"><img decoding=\"async\" src=\"https:\/\/stell.ee\/wp-content\/uploads\/2024\/10\/Jaanika-Tonnisson-300x300.jpg\" alt=\"Jaanika T\u00f5nnisson\"><\/div><div class=\"team-info\"><h5 class=\"team-name\">Jaanika T\u00f5nnisson<\/h5><p class=\"team-occupation\">\u041d\u0430\u0447\u0430\u043b\u044c\u043d\u0438\u043a \u043e\u0442\u0434\u0435\u043b\u0430 \u043a\u043e\u043d\u0442\u0440\u043e\u043b\u044f \u043a\u0430\u0447\u0435\u0441\u0442\u0432\u0430<\/p><p class=\"team-email\"><a href=\"mailto:jaanika.tonnisson@stell.ee\">jaanika.tonnisson@stell.ee<\/a><\/p><\/div><\/div><div class=\"team-member\"><div class=\"team-image\"><img decoding=\"async\" src=\"https:\/\/stell.ee\/wp-content\/uploads\/2024\/10\/Marge-Litvinov-300x300.jpg\" alt=\"Marge Litvinov\"><\/div><div class=\"team-info\"><h5 class=\"team-name\">Marge Litvinov<\/h5><p class=\"team-occupation\">\u041d\u0430\u0447\u0430\u043b\u044c\u043d\u0438\u043a \u043e\u0442\u0434\u0435\u043b\u0430 \u043a\u0430\u0434\u0440\u043e\u0432<\/p><p class=\"team-email\"><a href=\"mailto:marge.litvinov@stell.ee\">marge.litvinov@stell.ee<\/a><\/p><\/div><\/div><div class=\"team-member\"><div class=\"team-image\"><img decoding=\"async\" src=\"https:\/\/stell.ee\/wp-content\/uploads\/2024\/10\/Kristiina-Kunder-300x300.jpg\" alt=\"Kristiina Kunder\"><\/div><div class=\"team-info\"><h5 class=\"team-name\">Kristiina Kunder<\/h5><p class=\"team-occupation\">\u0413\u043b\u0430\u0432\u043d\u044b\u0439 \u0431\u0443\u0445\u0433\u0430\u043b\u0442\u0435\u0440<\/p><p class=\"team-email\"><a href=\"mailto:kristiina.kunder@stell.ee\">kristiina.kunder@stell.ee<\/a><\/p><\/div><\/div><\/div>\n","protected":false},"excerpt":{"rendered":"","protected":false},"author":1,"featured_media":0,"parent":0,"menu_order":0,"comment_status":"closed","ping_status":"open","template":"","meta":{"_acf_changed":false,"site-sidebar-layout":"no-sidebar","site-content-layout":"page-builder","ast-global-header-display":"","ast-main-header-display":"","ast-hfb-above-header-display":"","ast-hfb-below-header-display":"","ast-hfb-mobile-header-display":"","site-post-title":"disabled","ast-breadcrumbs-content":"","ast-featured-img":"disabled","footer-sml-layout":"","theme-transparent-header-meta":"default","adv-header-id-meta":"","stick-header-meta":"","header-above-stick-meta":"","header-main-stick-meta":"","header-below-stick-meta":"","footnotes":""},"class_list":["post-2695","page","type-page","status-publish","hentry"],"acf":[],"aioseo_notices":[],"_links":{"self":[{"href":"https:\/\/stell.ee\/ru\/wp-json\/wp\/v2\/pages\/2695","targetHints":{"allow":["GET"]}}],"collection":[{"href":"https:\/\/stell.ee\/ru\/wp-json\/wp\/v2\/pages"}],"about":[{"href":"https:\/\/stell.ee\/ru\/wp-json\/wp\/v2\/types\/page"}],"author":[{"embeddable":true,"href":"https:\/\/stell.ee\/ru\/wp-json\/wp\/v2\/users\/1"}],"replies":[{"embeddable":true,"href":"https:\/\/stell.ee\/ru\/wp-json\/wp\/v2\/comments?post=2695"}],"version-history":[{"count":9,"href":"https:\/\/stell.ee\/ru\/wp-json\/wp\/v2\/pages\/2695\/revisions"}],"predecessor-version":[{"id":4539,"href":"https:\/\/stell.ee\/ru\/wp-json\/wp\/v2\/pages\/2695\/revisions\/4539"}],"wp:attachment":[{"href":"https:\/\/stell.ee\/ru\/wp-json\/wp\/v2\/media?parent=2695"}],"curies":[{"name":"wp","href":"https:\/\/api.w.org\/{rel}","templated":true}]}}